{"id":17,"date":"2018-11-19T19:50:38","date_gmt":"2018-11-19T19:50:38","guid":{"rendered":"http:\/\/www.euroconsult.fi\/index.php\/home\/"},"modified":"2021-12-14T11:19:17","modified_gmt":"2021-12-14T11:19:17","slug":"home","status":"publish","type":"page","link":"http:\/\/www.euroconsult.fi\/","title":{"rendered":"Home"},"content":{"rendered":"\t\t<div data-elementor-type=\"wp-post\" data-elementor-id=\"17\" class=\"elementor elementor-17\" data-elementor-settings=\"[]\">\n\t\t\t\t\t\t\t<div class=\"elementor-section-wrap\">\n\t\t\t\t\t\t\t<section class=\"elementor-section elementor-top-section elementor-element elementor-element-6e48e63 elementor-section-boxed elementor-section-height-default elementor-section-height-default\" data-id=\"6e48e63\" data-element_type=\"section\">\n\t\t\t\t\t\t<div class=\"elementor-container elementor-column-gap-default\">\n\t\t\t\t\t<div class=\"elementor-column elementor-col-100 elementor-top-column elementor-element elementor-element-e30020f\" data-id=\"e30020f\" data-element_type=\"column\">\n\t\t\t<div class=\"elementor-widget-wrap elementor-element-populated\">\n\t\t\t\t\t\t\t\t<div class=\"elementor-element elementor-element-0ce3c37 elementor-widget elementor-widget-image\" data-id=\"0ce3c37\" data-element_type=\"widget\" data-widget_type=\"image.default\">\n\t\t\t\t<div class=\"elementor-widget-container\">\n\t\t\t\t\t\t\t\t\t\t\t\t\t\t\t<img width=\"750\" height=\"204\" src=\"http:\/\/www.euroconsult.fi\/wp-content\/uploads\/2021\/12\/Logopng-2-1024x278.png\" class=\"attachment-large size-large\" alt=\"\" loading=\"lazy\" srcset=\"http:\/\/www.euroconsult.fi\/wp-content\/uploads\/2021\/12\/Logopng-2-1024x278.png 1024w, http:\/\/www.euroconsult.fi\/wp-content\/uploads\/2021\/12\/Logopng-2-300x82.png 300w, http:\/\/www.euroconsult.fi\/wp-content\/uploads\/2021\/12\/Logopng-2-768x209.png 768w, http:\/\/www.euroconsult.fi\/wp-content\/uploads\/2021\/12\/Logopng-2-600x163.png 600w, http:\/\/www.euroconsult.fi\/wp-content\/uploads\/2021\/12\/Logopng-2.png 1442w\" sizes=\"(max-width: 750px) 100vw, 750px\" style=\"width:100%;height:27.18%;max-width:1442px\" \/>\t\t\t\t\t\t\t\t\t\t\t\t\t\t\t<\/div>\n\t\t\t\t<\/div>\n\t\t\t\t<div class=\"elementor-element elementor-element-6320423 elementor-widget elementor-widget-text-editor\" data-id=\"6320423\" data-element_type=\"widget\" data-widget_type=\"text-editor.default\">\n\t\t\t\t<div class=\"elementor-widget-container\">\n\t\t\t\t\t\t\t<p>Olemme kokenut pohjois-suomalainen suunnittelutoimisto. P\u00e4\u00e4toimialamme on rakenne -ja elementtisuunnittelu.<\/p>\t\t\t\t\t\t<\/div>\n\t\t\t\t<\/div>\n\t\t\t\t<div class=\"elementor-element elementor-element-f229cfc elementor-widget elementor-widget-image\" data-id=\"f229cfc\" data-element_type=\"widget\" data-widget_type=\"image.default\">\n\t\t\t\t<div class=\"elementor-widget-container\">\n\t\t\t\t\t\t\t\t\t\t\t\t\t\t\t<img width=\"174\" height=\"172\" src=\"http:\/\/www.euroconsult.fi\/wp-content\/uploads\/2021\/12\/Passikuva-2-3.jpg\" class=\"attachment-medium size-medium\" alt=\"\" loading=\"lazy\" srcset=\"http:\/\/www.euroconsult.fi\/wp-content\/uploads\/2021\/12\/Passikuva-2-3.jpg 174w, http:\/\/www.euroconsult.fi\/wp-content\/uploads\/2021\/12\/Passikuva-2-3-100x100.jpg 100w\" sizes=\"(max-width: 174px) 100vw, 174px\" style=\"width:100%;height:98.85%;max-width:174px\" \/>\t\t\t\t\t\t\t\t\t\t\t\t\t\t\t<\/div>\n\t\t\t\t<\/div>\n\t\t\t\t<div class=\"elementor-element elementor-element-bb3f940 elementor-widget elementor-widget-text-editor\" data-id=\"bb3f940\" data-element_type=\"widget\" data-widget_type=\"text-editor.default\">\n\t\t\t\t<div class=\"elementor-widget-container\">\n\t\t\t\t\t\t\t<p>Mika T\u00f6lli<\/p><p>Diplomi-insin\u00f6\u00f6ri<\/p><p>+358 41 433 9485<\/p><p>mika.tolli@instolli.fi<\/p>\t\t\t\t\t\t<\/div>\n\t\t\t\t<\/div>\n\t\t\t\t\t<\/div>\n\t\t<\/div>\n\t\t\t\t\t\t\t<\/div>\n\t\t<\/section>\n\t\t\t\t<section class=\"elementor-section elementor-top-section elementor-element elementor-element-4d12bf8 elementor-section-boxed elementor-section-height-default elementor-section-height-default\" data-id=\"4d12bf8\" data-element_type=\"section\">\n\t\t\t\t\t\t<div class=\"elementor-container elementor-column-gap-default\">\n\t\t\t\t\t<div class=\"elementor-column elementor-col-100 elementor-top-column elementor-element elementor-element-a28d8c5\" data-id=\"a28d8c5\" data-element_type=\"column\">\n\t\t\t<div class=\"elementor-widget-wrap elementor-element-populated\">\n\t\t\t\t\t\t\t\t<div class=\"elementor-element elementor-element-69cc210 elementor-widget elementor-widget-google_maps\" data-id=\"69cc210\" data-element_type=\"widget\" data-widget_type=\"google_maps.default\">\n\t\t\t\t<div class=\"elementor-widget-container\">\n\t\t\t\t\t<div class=\"elementor-custom-embed\">\n\t\t\t<iframe frameborder=\"0\" scrolling=\"no\" marginheight=\"0\" marginwidth=\"0\"\n\t\t\t\t\tsrc=\"https:\/\/maps.google.com\/maps?q=kehr%C3%A4%C3%A4m%C3%B6ntie%207&#038;t=m&#038;z=13&#038;output=embed&#038;iwloc=near\"\n\t\t\t\t\ttitle=\"kehr\u00e4\u00e4m\u00f6ntie 7\"\n\t\t\t\t\taria-label=\"kehr\u00e4\u00e4m\u00f6ntie 7\"\n\t\t\t><\/iframe>\n\t\t<\/div>\n\t\t\t\t<\/div>\n\t\t\t\t<\/div>\n\t\t\t\t\t<\/div>\n\t\t<\/div>\n\t\t\t\t\t\t\t<\/div>\n\t\t<\/section>\n\t\t\t\t\t\t<\/div>\n\t\t\t\t\t<\/div>\n\t\t","protected":false},"excerpt":{"rendered":"<p>Olemme kokenut pohjois-suomalainen suunnittelutoimisto. P\u00e4\u00e4toimialamme on rakenne -ja elementtisuunnittelu. Mika T\u00f6lli Diplomi-insin\u00f6\u00f6ri +358 41 433 9485 mika.tolli@instolli.fi<\/p>\n","protected":false},"author":1,"featured_media":0,"parent":0,"menu_order":0,"comment_status":"closed","ping_status":"closed","template":"","meta":[],"_links":{"self":[{"href":"http:\/\/www.euroconsult.fi\/index.php\/wp-json\/wp\/v2\/pages\/17"}],"collection":[{"href":"http:\/\/www.euroconsult.fi\/index.php\/wp-json\/wp\/v2\/pages"}],"about":[{"href":"http:\/\/www.euroconsult.fi\/index.php\/wp-json\/wp\/v2\/types\/page"}],"author":[{"embeddable":true,"href":"http:\/\/www.euroconsult.fi\/index.php\/wp-json\/wp\/v2\/users\/1"}],"replies":[{"embeddable":true,"href":"http:\/\/www.euroconsult.fi\/index.php\/wp-json\/wp\/v2\/comments?post=17"}],"version-history":[{"count":90,"href":"http:\/\/www.euroconsult.fi\/index.php\/wp-json\/wp\/v2\/pages\/17\/revisions"}],"predecessor-version":[{"id":25307,"href":"http:\/\/www.euroconsult.fi\/index.php\/wp-json\/wp\/v2\/pages\/17\/revisions\/25307"}],"wp:attachment":[{"href":"http:\/\/www.euroconsult.fi\/index.php\/wp-json\/wp\/v2\/media?parent=17"}],"curies":[{"name":"wp","href":"https:\/\/api.w.org\/{rel}","templated":true}]}}